{"id":90,"date":"2022-02-16T03:21:48","date_gmt":"2022-02-16T03:21:48","guid":{"rendered":"https:\/\/nyside2.internet.dk\/?page_id=90"},"modified":"2022-03-14T10:30:10","modified_gmt":"2022-03-14T10:30:10","slug":"home","status":"publish","type":"page","link":"https:\/\/nyside2.internet.dk\/","title":{"rendered":"Home"},"content":{"rendered":"\t\t<div data-elementor-type=\"wp-page\" data-elementor-id=\"90\" class=\"elementor elementor-90\" data-elementor-settings=\"[]\">\n\t\t\t\t\t\t\t<div class=\"elementor-section-wrap\">\n\t\t\t\t\t\t\t<section class=\"elementor-section elementor-top-section elementor-element elementor-element-34f1fbc elementor-section-full_width elementor-section-stretched elementor-section-height-default elementor-section-height-default\" data-id=\"34f1fbc\" data-element_type=\"section\" data-settings=\"{&quot;stretch_section&quot;:&quot;section-stretched&quot;}\">\n\t\t\t\t\t\t<div class=\"elementor-container elementor-column-gap-no\">\n\t\t\t\t\t<div class=\"elementor-column elementor-col-100 elementor-top-column elementor-element elementor-element-91f6dd2\" data-id=\"91f6dd2\" data-element_type=\"column\">\n\t\t\t<div class=\"elementor-widget-wrap elementor-element-populated\">\n\t\t\t\t\t\t\t\t<div class=\"elementor-element elementor-element-b378f62 elementor-widget elementor-widget-html\" data-id=\"b378f62\" data-element_type=\"widget\" id=\"Slider\" data-widget_type=\"html.default\">\n\t\t\t\t<div class=\"elementor-widget-container\">\n\t\t\t<!-- Slider main container -->\r\n<div class=\"swiper-container\">\r\n  <!-- Additional required wrapper -->\r\n  <ul class=\"swiper-wrapper\">\r\n    <!-- Slides -->\r\n    <li class=\"swiper-slide\">\r\n    <div>\r\n        <video \r\nsource src=\"\/\/nyside2.internet.dk\/wp-content\/uploads\/2022\/03\/moviefront720.mp4\" type=\"video\/mp4\" lazyload=\"\/\/nyside2.internet.dk\/wp-content\/uploads\/2022\/03\/moviefront720.mp4\" ><\/video>\r\n    <div class=\"video-overlay\"> <\/div>\r\n    <h2 class=\"h2 content-copy__title h2--small\"><span class=\"heading-line heading-line--0\">Forretningsorienteret<\/span>\r\n    <span>\r\n        <strong class=\"heading-line heading-line--1\">\r\n            bureau\r\n        <\/strong>\r\n    <\/span>\r\n    <\/h2>\r\n        <div class=\"b2 b2--spread content_subtitle\">\r\n            <p>\r\n                St\u00e6rkt team med fokus p\u00e5 strategi og kreativitet der engagere og aktiver mennesker p\u00e5 deres kunderejse\r\n            <\/p>\r\n        <\/div>\r\n    <div class=\"button hero-content-cta z4 button--inline\">\r\n            <a href=\"https:\/\/nyside2.internet.dk\/?page_id=37\">\r\n\t            <span class=\"b8 z2\">\r\n\t\t        Se hvordan vi g\u00f8r \r\n\t\t        <\/span>\r\n \t            <i class=\"fas fa-long-arrow-alt-right\">\r\n\t            <\/i>\r\n\t        <\/a>\r\n        <\/div>\r\n    <\/div>\r\n    <\/li>\r\n    <li class=\"swiper-slide\">\r\n      <div>\r\n        <video source src=\"\/\/nyside2.internet.dk\/wp-content\/uploads\/2022\/03\/Frontmovie2_720.mp4\" type=\"video\/mp4\" lazyload=\"\/\/nyside2.internet.dk\/wp-content\/uploads\/2022\/03\/Frontmovie2_720.mp4\"><\/video>\r\n        <div class=\"video-overlay\"><\/div>\r\n        <h2 class=\"h2 content-copy__title h2--small\"><span class=\"heading-line heading-line--0\">Fra kr. 2.980,- \/ mdr.<\/span>\r\n        <span>\r\n            <strong class=\"heading-line heading-line--1\">\r\n                Den fulde l\u00f8sning\r\n            <\/strong>\r\n        <\/span>\r\n        <\/h2>\r\n        <div class=\"b2 b2--spread content_subtitle\">\r\n            <p>\r\n                Nyt kreativt webdesign, der l\u00f8fter din virksomhed og \u00f8ger effekten af din indsats\r\n            <\/p>\r\n        <\/div>\r\n    <div class=\"button hero-content-cta z4 button--inline\">\r\n            <a href=\"https:\/\/nyside2.internet.dk\/about\/\">\r\n\t            <span class=\"b8 z2\">\r\n\t\t        Interesseret - s\u00e5 klik \r\n\t\t        <\/span>\r\n \t            <i class=\"fas fa-long-arrow-alt-right\">\r\n\t            <\/i>\r\n\t        <\/a>\r\n    <\/div>\r\n\r\n      <\/div>\r\n    <\/li>\r\n  <\/ul>\r\n\r\n  <!-- If we need navigation buttons -->\r\n  <div class=\"swiper-button-prev\"><\/div>\r\n  <div class=\"swiper-button-next\"><\/div>\r\n<\/div>\r\n  \r\n<link rel=\"stylesheet\" href=\"https:\/\/unpkg.com\/swiper@8.0.7\/swiper-bundle.min.css\">\r\n  \r\n<script src=\"https:\/\/cdnjs.cloudflare.com\/ajax\/libs\/jquery\/3.4.1\/jquery.min.js\"><\/script>\r\n<script src=\"https:\/\/unpkg.com\/swiper@8.0.7\/swiper-bundle.min.js\"><\/script>\r\n<script>\r\n    var swiper = new Swiper('.swiper-container', {\r\n  loop: true,\r\n  slidesPerView: 1,\r\n  centeredSlides: true,\r\n  autoplay: {\r\n    delay: 5000,\r\n    autoplayDisableOnInteraction: false,  \r\n  },\r\n  navigation: {\r\n    nextEl: '.swiper-button-next',\r\n    prevEl: '.swiper-button-prev',\r\n  },\r\n\r\n \/* ON INIT AUTOPLAY THE FIRST VIDEO *\/\r\n  on: {\r\n    init: function () {\r\n      console.log('swiper initialized');\r\n      var currentVideo =  $(\"[data-swiper-slide-index=\" + this.realIndex + \"]\").find(\"video\");\r\n      currentVideo.trigger('play');\r\n    },\r\n  },\r\n});\r\n\r\n\/* GET ALL VIDEOS *\/\r\nvar sliderVideos = $(\".swiper-slide video\");\r\n\r\n\/* SWIPER API - Event will be fired after animation to other slide (next or previous) *\/\r\nswiper.on('slideChange', function () {\r\n  console.log('slide changed');\r\n  \/* stop all videos (currentTime buggy without this loop idea - no \"real\" previousIndex) *\/\r\n  sliderVideos.each(function( index ) {\r\n    this.currentTime = 0;\r\n  });\r\n\r\n  \/* SWIPER GET CURRENT AND PREV SLIDE (AND VIDEO INSIDE) *\/\r\n  var prevVideo =  $(\"[data-swiper-slide-index=\" + this.previousIndex + \"]\").find(\"video\");\r\n  var currentVideo =  $(\"[data-swiper-slide-index=\" + this.realIndex + \"]\").find(\"video\");\r\n  prevVideo.trigger('stop');\r\n  currentVideo.trigger('play');\r\n  \r\nvar video = document.getElementsByTagName(\"video\")\r\n\r\nfunction clickButton(e) { \r\n    e.preventDefault;\r\n    const nextButtonToClick = document.querySelector(\".swiper-button-next\")\r\n    nextButtonToClick.click() \r\n}\r\nfor (let i = 0; i < video.length; i++) {\r\n    video[i].addEventListener(\"ended\", clickButton)}  \r\n});\r\n<\/script>\t\t<\/div>\n\t\t\t\t<\/div>\n\t\t\t\t\t<\/div>\n\t\t<\/div>\n\t\t\t\t\t\t\t<\/div>\n\t\t<\/section>\n\t\t\t\t<section class=\"elementor-section elementor-top-section elementor-element elementor-element-bf4f4dd elementor-section-full_width elementor-section-height-default elementor-section-height-default\" data-id=\"bf4f4dd\" data-element_type=\"section\">\n\t\t\t\t\t\t<div class=\"elementor-container elementor-column-gap-default\">\n\t\t\t\t\t<div class=\"elementor-column elementor-col-50 elementor-top-column elementor-element elementor-element-c1b77e7\" data-id=\"c1b77e7\" data-element_type=\"column\">\n\t\t\t<div class=\"elementor-widget-wrap elementor-element-populated\">\n\t\t\t\t\t\t\t\t<div class=\"elementor-element elementor-element-acc8cd7 elementor-widget elementor-widget-text-editor\" data-id=\"acc8cd7\" data-element_type=\"widget\" data-widget_type=\"text-editor.default\">\n\t\t\t\t<div class=\"elementor-widget-container\">\n\t\t\t<style>\/*! elementor - v3.5.6 - 28-02-2022 *\/\n.elementor-widget-text-editor.elementor-drop-cap-view-stacked .elementor-drop-cap{background-color:#818a91;color:#fff}.elementor-widget-text-editor.elementor-drop-cap-view-framed .elementor-drop-cap{color:#818a91;border:3px solid;background-color:transparent}.elementor-widget-text-editor:not(.elementor-drop-cap-view-default) .elementor-drop-cap{margin-top:8px}.elementor-widget-text-editor:not(.elementor-drop-cap-view-default) .elementor-drop-cap-letter{width:1em;height:1em}.elementor-widget-text-editor .elementor-drop-cap{float:left;text-align:center;line-height:1;font-size:50px}.elementor-widget-text-editor .elementor-drop-cap-letter{display:inline-block}<\/style>\t\t\t\tI femten \u00e5r har Ruckus leveret arbejde, der magter\n<\/br><strong>spilskiftende virksomheder og globale influencers.<\/strong>\t\t\t\t\t\t<\/div>\n\t\t\t\t<\/div>\n\t\t\t\t<div class=\"elementor-element elementor-element-0928f44 elementor-widget__width-initial elementor-widget elementor-widget-text-editor\" data-id=\"0928f44\" data-element_type=\"widget\" data-widget_type=\"text-editor.default\">\n\t\t\t\t<div class=\"elementor-widget-container\">\n\t\t\t\t\t\t\t<p>Vores kernestrategiske engagementer inden for branding, platformdesign, kampagner og indholdsskabelse driver konsekvent de \u00f8nskede resultater og bevidsthed.<\/p>\t\t\t\t\t\t<\/div>\n\t\t\t\t<\/div>\n\t\t\t\t<div class=\"elementor-element elementor-element-4799d68 elementor-align-left elementor-widget elementor-widget-button\" data-id=\"4799d68\" data-element_type=\"widget\" data-widget_type=\"button.default\">\n\t\t\t\t<div class=\"elementor-widget-container\">\n\t\t\t\t\t<div class=\"elementor-button-wrapper\">\n\t\t\t<a href=\"https:\/\/nyside2.internet.dk\/about\/\" class=\"elementor-button-link elementor-button elementor-size-sm\" role=\"button\">\n\t\t\t\t\t\t<span class=\"elementor-button-content-wrapper\">\n\t\t\t\t\t\t<span class=\"elementor-button-icon elementor-align-icon-right\">\n\t\t\t\t<i aria-hidden=\"true\" class=\"fas fa-long-arrow-alt-right\"><\/i>\t\t\t<\/span>\n\t\t\t\t\t\t<span class=\"elementor-button-text\"><b>SE HVEM VI ER<\/b><\/span>\n\t\t<\/span>\n\t\t\t\t\t<\/a>\n\t\t<\/div>\n\t\t\t\t<\/div>\n\t\t\t\t<\/div>\n\t\t\t\t\t<\/div>\n\t\t<\/div>\n\t\t\t\t<div class=\"elementor-column elementor-col-50 elementor-top-column elementor-element elementor-element-9584ecb\" data-id=\"9584ecb\" data-element_type=\"column\">\n\t\t\t<div class=\"elementor-widget-wrap elementor-element-populated\">\n\t\t\t\t\t\t\t\t<div class=\"elementor-element elementor-element-1d6ec28 elementor-widget elementor-widget-image\" data-id=\"1d6ec28\" data-element_type=\"widget\" data-widget_type=\"image.default\">\n\t\t\t\t<div class=\"elementor-widget-container\">\n\t\t\t<style>\/*! elementor - v3.5.6 - 28-02-2022 *\/\n.elementor-widget-image{text-align:center}.elementor-widget-image a{display:inline-block}.elementor-widget-image a img[src$=\".svg\"]{width:48px}.elementor-widget-image img{vertical-align:middle;display:inline-block}<\/style>\t\t\t\t\t\t\t\t\t\t\t\t<img loading=\"lazy\" decoding=\"async\" width=\"496\" height=\"467\" src=\"https:\/\/nyside2.internet.dk\/wp-content\/uploads\/2022\/03\/Example-image.jpg\" class=\"attachment-large size-large\" alt=\"Example image\" srcset=\"https:\/\/nyside2.internet.dk\/wp-content\/uploads\/2022\/03\/Example-image.jpg 496w, https:\/\/nyside2.internet.dk\/wp-content\/uploads\/2022\/03\/Example-image-300x282.jpg 300w\" sizes=\"auto, (max-width: 496px) 100vw, 496px\" \/>\t\t\t\t\t\t\t\t\t\t\t\t\t\t\t<\/div>\n\t\t\t\t<\/div>\n\t\t\t\t\t<\/div>\n\t\t<\/div>\n\t\t\t\t\t\t\t<\/div>\n\t\t<\/section>\n\t\t\t\t<section class=\"elementor-section elementor-top-section elementor-element elementor-element-79ae5d1 elementor-section-boxed elementor-section-height-default elementor-section-height-default\" data-id=\"79ae5d1\" data-element_type=\"section\">\n\t\t\t\t\t\t<div class=\"elementor-container elementor-column-gap-default\">\n\t\t\t\t\t<div class=\"elementor-column elementor-col-100 elementor-top-column elementor-element elementor-element-4cfb55a\" data-id=\"4cfb55a\" data-element_type=\"column\">\n\t\t\t<div class=\"elementor-widget-wrap elementor-element-populated\">\n\t\t\t\t\t\t\t\t<div class=\"elementor-element elementor-element-eaba76c elementor-widget elementor-widget-shortcode\" data-id=\"eaba76c\" data-element_type=\"widget\" data-widget_type=\"shortcode.default\">\n\t\t\t\t<div class=\"elementor-widget-container\">\n\t\t\t\t\t<div class=\"elementor-shortcode\">\t\t<div data-elementor-type=\"section\" data-elementor-id=\"2170\" class=\"elementor elementor-2170\" data-elementor-settings=\"[]\">\n\t\t\t\t\t\t\t\t<section class=\"elementor-section elementor-top-section elementor-element elementor-element-a3c1078 elementor-section-full_width elementor-section-stretched elementor-section-height-default elementor-section-height-default\" data-id=\"a3c1078\" data-element_type=\"section\" data-settings=\"{&quot;stretch_section&quot;:&quot;section-stretched&quot;}\">\n\t\t\t\t\t\t<div class=\"elementor-container elementor-column-gap-default\">\n\t\t\t\t\t<div class=\"elementor-column elementor-col-100 elementor-top-column elementor-element elementor-element-f79b0b2\" data-id=\"f79b0b2\" data-element_type=\"column\">\n\t\t\t<div class=\"elementor-widget-wrap elementor-element-populated\">\n\t\t\t\t\t\t\t\t<div class=\"elementor-element elementor-element-94f8098 elementor-widget elementor-widget-html\" data-id=\"94f8098\" data-element_type=\"widget\" id=\"RecentWorkContainer\" data-widget_type=\"html.default\">\n\t\t\t\t<div class=\"elementor-widget-container\">\n\t\t\t<link\r\n  rel=\"stylesheet\" href=\"https:\/\/cdnjs.cloudflare.com\/ajax\/libs\/Swiper\/3.4.1\/css\/swiper.min.css\"\r\n\/>\r\n<div class=\"container\">\r\n    <!-- Slider main container -->\r\n    <div class=\"swiper-container\">\r\n     <div class=\"Section-main-heading\">\r\n<h3>Nyligt <strong>arbejde<\/strong><\/h3>\r\n<\/div>\r\n              <!-- If we need navigation buttons -->\r\n      <div class=\"navigation-buttons\">\r\n        <div class=\"swiper-button-prev\">\r\n        <\/div>\r\n        <div class=\"swiper-button-next\">\r\n        <\/div>\r\n      <\/div>\r\n      \r\n        <!-- Additional required wrapper -->\r\n        <div class=\"swiper-wrapper\">\r\n          <div class=\"swiper-slide\"> <img decoding=\"async\" src=\"https:\/\/nyside2.internet.dk\/wp-content\/uploads\/2022\/03\/BMW-Thumbnail-Logo-1800x1350-1-1280x960-1.jpg\" class=\"slide-images\"\/>\r\n        <div class=\"button-content-background\">\r\n          <div class=\"button-content\">\r\n            <a href=\"https:\/\/nyside2.internet.dk\/?page_id=37\">\r\n            <span>\r\n            SE HVAD VI GJORDE\r\n            <\/span>\r\n            <i class=\"fas fa-long-arrow-alt-right\">\r\n\t        <\/i>\r\n\t        <\/a> \r\n            <\/div>\r\n            <\/div>\r\n          <\/div>\r\n            <div class=\"swiper-slide\"><img decoding=\"async\" src=\"https:\/\/nyside2.internet.dk\/wp-content\/uploads\/2022\/03\/PetValu_16Apr20Hero_2880x1580-1280x702-1.jpg\" class=\"slide-images\"\/>\r\n          <div class=\"button-content-background\">\r\n            <div class=\"button-content\">\r\n            <a href=\"https:\/\/nyside2.internet.dk\/?page_id=37\">\r\n            <span>  \r\n            SE HVAD VI GJORDE\r\n            <\/span>\r\n            <i class=\"fas fa-long-arrow-alt-right\">\r\n\t        <\/i>\r\n\t        <\/a>\r\n\t        <\/div>\r\n            <\/div>\r\n          <\/div>\r\n            <div class=\"swiper-slide\"><img decoding=\"async\" src=\"https:\/\/nyside2.internet.dk\/wp-content\/uploads\/2022\/03\/NYC-Ferry_15Apr20Hero_2880x1580-1280x702-1.jpg\" class=\"slide-images\"\/><\/div>\r\n            <div class=\"swiper-slide\"><img decoding=\"async\" src=\"https:\/\/nyside2.internet.dk\/wp-content\/uploads\/2022\/03\/Inturn-Thumbnail-Logo-1800x1350-1-1280x960-1.jpg\" class=\"slide-images\"\/><\/div>\r\n            <div class=\"swiper-slide\"><img decoding=\"async\" src=\"https:\/\/nyside2.internet.dk\/wp-content\/uploads\/2022\/03\/Crayola_1262x722_2.jpg\" class=\"slide-images\"\/><\/div>\r\n    <\/div>\r\n<\/div>\r\n<\/div>\r\n\r\n<script src=\"https:\/\/cdnjs.cloudflare.com\/ajax\/libs\/jquery\/3.0.0\/jquery.min.js\"><\/script>\r\n\r\n<script src=\"https:\/\/cdnjs.cloudflare.com\/ajax\/libs\/Swiper\/3.4.1\/js\/swiper.min.js\"><\/script>\r\n\r\n\r\n<script>\r\n$(document).ready(function() {\r\n\/\/ Swiper: Slider\r\n    new Swiper('.swiper-container', {\r\n        loop: true,\r\n        nextButton: '.swiper-button-next',\r\n        prevButton: '.swiper-button-prev',\r\n        slidesPerView: 2,\r\n        paginationClickable: true,\r\n        spaceBetween: 20,\r\n        breakpoints: {\r\n            1920: {\r\n                slidesPerView: 2,\r\n                spaceBetween: 30\r\n            },\r\n            1028: {\r\n                slidesPerView: 2,\r\n                spaceBetween: 30\r\n            },\r\n            480: {\r\n                slidesPerView: 1,\r\n                spaceBetween: 10\r\n            }\r\n        }\r\n    });\r\n});\r\n<\/script>\t\t<\/div>\n\t\t\t\t<\/div>\n\t\t\t\t\t<\/div>\n\t\t<\/div>\n\t\t\t\t\t\t\t<\/div>\n\t\t<\/section>\n\t\t\t\t\t\t<\/div>\n\t\t<\/div>\n\t\t\t\t<\/div>\n\t\t\t\t<\/div>\n\t\t\t\t\t<\/div>\n\t\t<\/div>\n\t\t\t\t\t\t\t<\/div>\n\t\t<\/section>\n\t\t\t\t\t\t<\/div>\n\t\t\t\t\t<\/div>\n\t\t","protected":false},"excerpt":{"rendered":"<p>Forretningsorienteret bureau St\u00e6rkt team med fokus p\u00e5 strategi og kreativitet der engagere og aktiver mennesker p\u00e5 deres kunderejse Se hvordan vi g\u00f8r Fra kr. 2.980,- \/ mdr. Den fulde l\u00f8sning Nyt kreativt webdesign, der l\u00f8fter din virksomhed og \u00f8ger effekten af din indsats Interesseret &#8211; s\u00e5 klik I femten \u00e5r har Ruckus leveret arbejde, der [&hellip;]<\/p>\n","protected":false},"author":1,"featured_media":0,"parent":0,"menu_order":0,"comment_status":"closed","ping_status":"open","template":"elementor_header_footer","meta":{"footnotes":""},"class_list":["post-90","page","type-page","status-publish","hentry"],"_links":{"self":[{"href":"https:\/\/nyside2.internet.dk\/index.php?rest_route=\/wp\/v2\/pages\/90","targetHints":{"allow":["GET"]}}],"collection":[{"href":"https:\/\/nyside2.internet.dk\/index.php?rest_route=\/wp\/v2\/pages"}],"about":[{"href":"https:\/\/nyside2.internet.dk\/index.php?rest_route=\/wp\/v2\/types\/page"}],"author":[{"embeddable":true,"href":"https:\/\/nyside2.internet.dk\/index.php?rest_route=\/wp\/v2\/users\/1"}],"replies":[{"embeddable":true,"href":"https:\/\/nyside2.internet.dk\/index.php?rest_route=%2Fwp%2Fv2%2Fcomments&post=90"}],"version-history":[{"count":1531,"href":"https:\/\/nyside2.internet.dk\/index.php?rest_route=\/wp\/v2\/pages\/90\/revisions"}],"predecessor-version":[{"id":2364,"href":"https:\/\/nyside2.internet.dk\/index.php?rest_route=\/wp\/v2\/pages\/90\/revisions\/2364"}],"wp:attachment":[{"href":"https:\/\/nyside2.internet.dk\/index.php?rest_route=%2Fwp%2Fv2%2Fmedia&parent=90"}],"curies":[{"name":"wp","href":"https:\/\/api.w.org\/{rel}","templated":true}]}}